{"id":176,"date":"2017-08-07T18:46:42","date_gmt":"2017-08-07T09:46:42","guid":{"rendered":"https:\/\/hanakonakamura.b-sheet.jp\/?page_id=176"},"modified":"2019-04-04T13:00:50","modified_gmt":"2019-04-04T04:00:50","slug":"biography","status":"publish","type":"page","link":"https:\/\/hanakonakamura.b-sheet.jp\/en\/biography\/","title":{"rendered":"BIOGRAPHY"},"content":{"rendered":"<p><strong>Hanako NAKAMURA, Sho<\/strong><\/p>\n<p>Hanako Nakamura studied at the Kunitachi College of Music. She studied the sh\u014d withMayumi Miyata and Tadaaki \u014cno, gakubiwa with Kahoru Nakamura and Gagakuensemble performance with Sukeyasu Shiba. She has been a member of the Reigakushaensemble since 2001 and in 2006 was a trainee in the program for upcoming artistssponsored by the Agency for Cultural Affairs.As a member of Reigakusha she has performed at the National Theatre in Tokyo, inoverseas concerts and at concerts for primary and junior high school pupils in Japan.Together with Hitomi Nakamura on hichiriki and Kanako Nakamura on ry\u016bteki fluteshe formed the \u201cGagaku-zanmai Nakamura Sanchi\u201d group, and with Remi Miura andKazue Tajima she formed the sh\u014d trio \u201cShogirls\u201d with the aim of conveying theattractions of Gagaku.<\/p>\n<p>She is finding more and more opportunity by the year to perform in collaboration withartists active in other genres and instruments other than those of the Gagaku ensemble.In 2011 she took part in a concert entitled Sh\u014d and Piano: Fusion of Images with thepianist Mari Asakawa and she has taken on the challenge of collaborating with visualimages created by leading visual artists such as Jun Kurumisawa, Yoshihito Nakanishiand Elaine Thomazi Freitas. In April 2015 she gave the first performance in China ofFumetsu no hikari \uff08Undying Light\uff09 by Miyuki It\u014d at the Szechuan College of Music inChengdu, a work that she had premiered the previous year. In October 2015 she tookpart in a performance of the ballet Kaguyahime given by Les Grands Ballets Canadiensde Montr\u00e9al in Canada together with Katsuhiko Tabuchi on hichiriki and Mami Tsunodaon ry\u016bteki flute. This outstanding work in the genre of contemporary ballet combinedmusic by Maki Ishii featuring the three wind instruments of the T\u014dgaku ensemble \uff08sh\u014d,hichiriki and ry\u016bteki\uff09 with choreography by the great Ji\u0159\u00ed Kyli\u00e1n, and the musicprovoked a great deal of interest in Montr\u00e9al. In December 2017 she organized andproduced a concert entitled Hanamiyabi featuring performers of sh\u014d, ry\u016bteki, shamisenand koto. The program was a highly distinctive one consisting of both classical andcontemporary works including first performances, and succeeded in generating newpossibilities for Japanese traditional instruments. She travelled to Seoul in September2018 on the invitation of Ensemble TIMF, the Korean ensemble formed in 2001 that iscurrently one of the leading contemporary music ensembles active in Asia, andperformed Landscape V by Toshio Hosokawa and Breathing Tides by Dai Fujikura withmembers of TIMF. Hanako Nakamura is a sh\u014d performer whose future activities aremuch anticipated.<\/p>\n","protected":false},"excerpt":{"rendered":"<p>Hanako NAKAMURA, Sho Hanako Nakamura studied at the Kunitachi College of Music. She studied the sh\u014d withMayumi [&hellip;]<\/p>\n","protected":false},"author":1,"featured_media":0,"parent":0,"menu_order":0,"comment_status":"closed","ping_status":"closed","template":"page-biography.php","meta":{"_acf_changed":false,"_locale":"en_US","_original_post":"64","footnotes":""},"class_list":["post-176","page","type-page","status-publish","hentry","en-US"],"acf":[],"yoast_head":"<!-- This site is optimized with the Yoast SEO plugin v27.4 - https:\/\/yoast.com\/product\/yoast-seo-wordpress\/ -->\n<title>BIOGRAPHY - HANAKO NAKAMURA<\/title>\n<meta name=\"robots\" content=\"index, follow, max-snippet:-1, max-image-preview:large, max-video-preview:-1\" \/>\n<link rel=\"canonical\" href=\"https:\/\/hanakonakamura.b-sheet.jp\/en\/biography\/\" \/>\n<meta property=\"og:locale\" content=\"en_US\" \/>\n<meta property=\"og:type\" content=\"article\" \/>\n<meta property=\"og:title\" content=\"BIOGRAPHY - HANAKO NAKAMURA\" \/>\n<meta property=\"og:description\" content=\"Hanako NAKAMURA, Sho Hanako Nakamura studied at the Kunitachi College of Music. She studied the sh\u014d withMayumi [&hellip;]\" \/>\n<meta property=\"og:url\" content=\"https:\/\/hanakonakamura.b-sheet.jp\/en\/biography\/\" \/>\n<meta property=\"og:site_name\" content=\"HANAKO NAKAMURA\" \/>\n<meta property=\"article:modified_time\" content=\"2019-04-04T04:00:50+00:00\" \/>\n<meta property=\"og:image\" content=\"https:\/\/hanakonakamura.b-sheet.jp\/wp-content\/uploads\/2018\/10\/sns_hanako_2.png\" \/>\n\t<meta property=\"og:image:width\" content=\"1200\" \/>\n\t<meta property=\"og:image:height\" content=\"630\" \/>\n\t<meta property=\"og:image:type\" content=\"image\/png\" \/>\n<meta name=\"twitter:card\" content=\"summary_large_image\" \/>\n<meta name=\"twitter:label1\" content=\"Est. reading time\" \/>\n\t<meta name=\"twitter:data1\" content=\"2 minutes\" \/>\n<script type=\"application\/ld+json\" class=\"yoast-schema-graph\">{\"@context\":\"https:\\\/\\\/schema.org\",\"@graph\":[{\"@type\":\"WebPage\",\"@id\":\"https:\\\/\\\/hanakonakamura.b-sheet.jp\\\/en\\\/biography\\\/\",\"url\":\"https:\\\/\\\/hanakonakamura.b-sheet.jp\\\/en\\\/biography\\\/\",\"name\":\"BIOGRAPHY - HANAKO NAKAMURA\",\"isPartOf\":{\"@id\":\"https:\\\/\\\/hanakonakamura.b-sheet.jp\\\/#website\"},\"datePublished\":\"2017-08-07T09:46:42+00:00\",\"dateModified\":\"2019-04-04T04:00:50+00:00\",\"breadcrumb\":{\"@id\":\"https:\\\/\\\/hanakonakamura.b-sheet.jp\\\/en\\\/biography\\\/#breadcrumb\"},\"inLanguage\":\"en-US\",\"potentialAction\":[{\"@type\":\"ReadAction\",\"target\":[\"https:\\\/\\\/hanakonakamura.b-sheet.jp\\\/en\\\/biography\\\/\"]}]},{\"@type\":\"BreadcrumbList\",\"@id\":\"https:\\\/\\\/hanakonakamura.b-sheet.jp\\\/en\\\/biography\\\/#breadcrumb\",\"itemListElement\":[{\"@type\":\"ListItem\",\"position\":1,\"name\":\"\u30db\u30fc\u30e0\",\"item\":\"https:\\\/\\\/hanakonakamura.b-sheet.jp\\\/\"},{\"@type\":\"ListItem\",\"position\":2,\"name\":\"BIOGRAPHY\"}]},{\"@type\":\"WebSite\",\"@id\":\"https:\\\/\\\/hanakonakamura.b-sheet.jp\\\/#website\",\"url\":\"https:\\\/\\\/hanakonakamura.b-sheet.jp\\\/\",\"name\":\"HANAKO NAKAMURA\",\"description\":\"\u4e2d\u6751\u83ef\u5b50\uff08Hanako Nakamura\uff09\u306f\u7b19\u306e\u6f14\u594f\u5bb6\u3002\u829d\u7950\u9756\u3001\u591a\u5fe0\u8f1d\u3001\u5bae\u7530\u307e\u3086\u307f\u3001\u4e2d\u6751\u304b\u307b\u308b\u306e\u5404\u6c0f\u306b\u5e2b\u4e8b\u3002\u4f36\u697d\u820e\u3001\u7b19\u306e\u30c8\u30ea\u30aa\u300cShogirls\uff08\u30b7\u30e7\u30fc\u30ac\u30fc\u30eb\u30ba\uff09\u300d\u3001\u300c\u4e2d\u6751\u3055\u3093\u3061\u300d\u7b49\u3067\u6d3b\u8e8d\u3002\u77f3\u4e95\u771e\u6728\u3001\u85e4\u5009\u5927\u3001\u7d30\u5ddd\u4fca\u592b\u3089\u306e\u73fe\u4ee3\u4f5c\u54c1\u3082\u6f14\u594f\u3059\u308b\u3002\",\"potentialAction\":[{\"@type\":\"SearchAction\",\"target\":{\"@type\":\"EntryPoint\",\"urlTemplate\":\"https:\\\/\\\/hanakonakamura.b-sheet.jp\\\/?s={search_term_string}\"},\"query-input\":{\"@type\":\"PropertyValueSpecification\",\"valueRequired\":true,\"valueName\":\"search_term_string\"}}],\"inLanguage\":\"en-US\"}]}<\/script>\n<!-- \/ Yoast SEO plugin. -->","yoast_head_json":{"title":"BIOGRAPHY - HANAKO NAKAMURA","robots":{"index":"index","follow":"follow","max-snippet":"max-snippet:-1","max-image-preview":"max-image-preview:large","max-video-preview":"max-video-preview:-1"},"canonical":"https:\/\/hanakonakamura.b-sheet.jp\/en\/biography\/","og_locale":"en_US","og_type":"article","og_title":"BIOGRAPHY - HANAKO NAKAMURA","og_description":"Hanako NAKAMURA, Sho Hanako Nakamura studied at the Kunitachi College of Music. She studied the sh\u014d withMayumi [&hellip;]","og_url":"https:\/\/hanakonakamura.b-sheet.jp\/en\/biography\/","og_site_name":"HANAKO NAKAMURA","article_modified_time":"2019-04-04T04:00:50+00:00","og_image":[{"width":1200,"height":630,"url":"https:\/\/hanakonakamura.b-sheet.jp\/wp-content\/uploads\/2018\/10\/sns_hanako_2.png","type":"image\/png"}],"twitter_card":"summary_large_image","twitter_misc":{"Est. reading time":"2 minutes"},"schema":{"@context":"https:\/\/schema.org","@graph":[{"@type":"WebPage","@id":"https:\/\/hanakonakamura.b-sheet.jp\/en\/biography\/","url":"https:\/\/hanakonakamura.b-sheet.jp\/en\/biography\/","name":"BIOGRAPHY - HANAKO NAKAMURA","isPartOf":{"@id":"https:\/\/hanakonakamura.b-sheet.jp\/#website"},"datePublished":"2017-08-07T09:46:42+00:00","dateModified":"2019-04-04T04:00:50+00:00","breadcrumb":{"@id":"https:\/\/hanakonakamura.b-sheet.jp\/en\/biography\/#breadcrumb"},"inLanguage":"en-US","potentialAction":[{"@type":"ReadAction","target":["https:\/\/hanakonakamura.b-sheet.jp\/en\/biography\/"]}]},{"@type":"BreadcrumbList","@id":"https:\/\/hanakonakamura.b-sheet.jp\/en\/biography\/#breadcrumb","itemListElement":[{"@type":"ListItem","position":1,"name":"\u30db\u30fc\u30e0","item":"https:\/\/hanakonakamura.b-sheet.jp\/"},{"@type":"ListItem","position":2,"name":"BIOGRAPHY"}]},{"@type":"WebSite","@id":"https:\/\/hanakonakamura.b-sheet.jp\/#website","url":"https:\/\/hanakonakamura.b-sheet.jp\/","name":"HANAKO NAKAMURA","description":"\u4e2d\u6751\u83ef\u5b50\uff08Hanako Nakamura\uff09\u306f\u7b19\u306e\u6f14\u594f\u5bb6\u3002\u829d\u7950\u9756\u3001\u591a\u5fe0\u8f1d\u3001\u5bae\u7530\u307e\u3086\u307f\u3001\u4e2d\u6751\u304b\u307b\u308b\u306e\u5404\u6c0f\u306b\u5e2b\u4e8b\u3002\u4f36\u697d\u820e\u3001\u7b19\u306e\u30c8\u30ea\u30aa\u300cShogirls\uff08\u30b7\u30e7\u30fc\u30ac\u30fc\u30eb\u30ba\uff09\u300d\u3001\u300c\u4e2d\u6751\u3055\u3093\u3061\u300d\u7b49\u3067\u6d3b\u8e8d\u3002\u77f3\u4e95\u771e\u6728\u3001\u85e4\u5009\u5927\u3001\u7d30\u5ddd\u4fca\u592b\u3089\u306e\u73fe\u4ee3\u4f5c\u54c1\u3082\u6f14\u594f\u3059\u308b\u3002","potentialAction":[{"@type":"SearchAction","target":{"@type":"EntryPoint","urlTemplate":"https:\/\/hanakonakamura.b-sheet.jp\/?s={search_term_string}"},"query-input":{"@type":"PropertyValueSpecification","valueRequired":true,"valueName":"search_term_string"}}],"inLanguage":"en-US"}]}},"jetpack_shortlink":"https:\/\/wp.me\/Papwqf-2Q","jetpack_sharing_enabled":true,"_links":{"self":[{"href":"https:\/\/hanakonakamura.b-sheet.jp\/wp-json\/wp\/v2\/pages\/176","targetHints":{"allow":["GET"]}}],"collection":[{"href":"https:\/\/hanakonakamura.b-sheet.jp\/wp-json\/wp\/v2\/pages"}],"about":[{"href":"https:\/\/hanakonakamura.b-sheet.jp\/wp-json\/wp\/v2\/types\/page"}],"author":[{"embeddable":true,"href":"https:\/\/hanakonakamura.b-sheet.jp\/wp-json\/wp\/v2\/users\/1"}],"replies":[{"embeddable":true,"href":"https:\/\/hanakonakamura.b-sheet.jp\/wp-json\/wp\/v2\/comments?post=176"}],"version-history":[{"count":7,"href":"https:\/\/hanakonakamura.b-sheet.jp\/wp-json\/wp\/v2\/pages\/176\/revisions"}],"predecessor-version":[{"id":1346,"href":"https:\/\/hanakonakamura.b-sheet.jp\/wp-json\/wp\/v2\/pages\/176\/revisions\/1346"}],"wp:attachment":[{"href":"https:\/\/hanakonakamura.b-sheet.jp\/wp-json\/wp\/v2\/media?parent=176"}],"curies":[{"name":"wp","href":"https:\/\/api.w.org\/{rel}","templated":true}]}}